{"id":236,"date":"2023-05-15T14:52:16","date_gmt":"2023-05-15T12:52:16","guid":{"rendered":"https:\/\/mglexport.fr\/?page_id=236"},"modified":"2025-12-11T11:18:57","modified_gmt":"2025-12-11T10:18:57","slug":"nous-connaitre","status":"publish","type":"page","link":"https:\/\/mglexport.fr\/en\/nous-connaitre\/","title":{"rendered":"About us"},"content":{"rendered":"<div class=\"wpb-content-wrapper\"><div id=\"photoheader\" data-vc-full-width=\"true\" data-vc-full-width-temp=\"true\" data-vc-full-width-init=\"false\" class=\"vc_row wpb_row vc_row-fluid photoheaderproduit vc_custom_1684332469369 vc_row-has-fill\"><div class=\"wpb_column vc_column_container vc_col-sm-12\"><div class=\"vc_column-inner\"><div class=\"wpb_wrapper\"><div class=\"vc_row wpb_row vc_inner vc_row-fluid\"><div class=\"wpb_column vc_column_container vc_col-sm-6\"><div class=\"vc_column-inner\"><div class=\"wpb_wrapper\">\n\t<div class=\"wpb_text_column wpb_content_element wpb_animate_when_almost_visible wpb_fadeInLeft fadeInLeft titrepage\" >\n\t\t<div class=\"wpb_wrapper\">\n\t\t\t<h1 style=\"font-size: 60px;\">ABOUT US<\/h1>\n\n\t\t<\/div>\n\t<\/div>\n<\/div><\/div><\/div><div class=\"wpb_column vc_column_container vc_col-sm-6\"><div class=\"vc_column-inner\"><div class=\"wpb_wrapper\"><\/div><\/div><\/div><\/div><\/div><\/div><\/div><\/div><div class=\"vc_row-full-width vc_clearfix\"><\/div><div id=\"histoire\" class=\"vc_row wpb_row vc_row-fluid textenousconnaitre vc_row-o-full-height vc_row-o-columns-middle vc_row-flex\"><div class=\"wpb_column vc_column_container vc_col-sm-12\"><div class=\"vc_column-inner\"><div class=\"wpb_wrapper\"><div class=\"vc_row wpb_row vc_inner vc_row-fluid vc_column-gap-35 vc_row-o-equal-height vc_row-flex\"><div class=\"wpb_column vc_column_container vc_col-sm-8\"><div class=\"vc_column-inner\"><div class=\"wpb_wrapper\">\n\t<div class=\"wpb_text_column wpb_content_element titrebloc1\" >\n\t\t<div class=\"wpb_wrapper\">\n\t\t\t<h2 style=\"margin-top: -105px;\">MGL,<br \/>\n<span style=\"color: #4c5863;\">UNE HISTOIRE ATYPIQUE<\/span><\/h2>\n\n\t\t<\/div>\n\t<\/div>\n\n\t<div class=\"wpb_text_column wpb_content_element\" >\n\t\t<div class=\"wpb_wrapper\">\n\t\t\t<h3>The history of <span style=\"font-weight: bold;\"> MGL <\/span> (Michel Georges Lasserre) commence en 1979. Apr\u00e8s plus de 20 ans de carri\u00e8re en tant que carreleur, conducteur de travaux et commercial dans la distribution de carrelage en r\u00e9gion parisienne, <span style=\"font-weight: bold;\">Michel Georges Lasserre<\/span> souhaitait d\u00e9couvrir le monde du commerce international.<\/h3>\n<h3>It didn't take him long to find a factory wiling to give him a chance.<br \/>\nHis international career would thus begin with the Ivory Coast. The adventure could fiinally begin !<\/h3>\n\n\t\t<\/div>\n\t<\/div>\n\n\t<div class=\"wpb_text_column wpb_content_element\" >\n\t\t<div class=\"wpb_wrapper\">\n\t\t\t<h3>Cette premi\u00e8re aventure r\u00e9ussie d\u00e9bouche sur l\u2019ouverture de nouveaux march\u00e9s. L\u2019usine lui confia ainsi le B\u00e9nin, le Togo, le Cameroun ainsi que le Gabon. Gr\u00e2ce \u00e0 sa pers\u00e9v\u00e9rance et son professionnalisme, il devient rapidement l\u2019un des r\u00e9f\u00e9rents majeurs dans le domaine du carrelage et du sanitaire en Afrique de l\u2019Ouest.<\/h3>\n<h3><span style=\"font-weight: bold;\"> MGL <\/span> commence alors \u00e0 prendre une nouvelle dimension. Jean-Michel Druenne-Lasserre, son fils, le rejoint en F\u00e9vrier 1991 pour appuyer l\u2019activit\u00e9 existante et pour assurer de nouveaux d\u00e9veloppements avec les march\u00e9s de l\u2019Afrique de l\u2019Ouest anglophones (Ghana, Nigeria, Tanzanie), les DOM TOM, le Moyen-Orient ainsi que l\u2019Asie.<\/h3>\n\n\t\t<\/div>\n\t<\/div>\n\n\t<div class=\"wpb_text_column wpb_content_element wpb_animate_when_almost_visible wpb_fadeInLeft fadeInLeft\" >\n\t\t<div class=\"wpb_wrapper\">\n\t\t\t<h2 style=\"margin-top: 50px;\">\"Alone, we go faster,<br \/>\ntogether we go further\"<\/h2>\n\n\t\t<\/div>\n\t<\/div>\n<\/div><\/div><\/div><div class=\"wpb_column vc_column_container vc_col-sm-4\"><div class=\"vc_column-inner\"><div class=\"wpb_wrapper\">\n\t<div  class=\"wpb_single_image wpb_content_element vc_align_center wpb_content_element  histoireimg\">\n\t\t\n\t\t<figure class=\"wpb_wrapper vc_figure\">\n\t\t\t<div class=\"vc_single_image-wrapper   vc_box_border_grey\"><img loading=\"lazy\" decoding=\"async\" width=\"687\" height=\"796\" src=\"https:\/\/mglexport.fr\/wp-content\/uploads\/2023\/05\/photo1.png\" class=\"vc_single_image-img attachment-full\" alt=\"\" title=\"photo1\" srcset=\"https:\/\/mglexport.fr\/wp-content\/uploads\/2023\/05\/photo1.png 687w, https:\/\/mglexport.fr\/wp-content\/uploads\/2023\/05\/photo1-259x300.png 259w\" sizes=\"auto, (max-width: 687px) 100vw, 687px\" \/><\/div>\n\t\t<\/figure>\n\t<\/div>\n\n\t<div  class=\"wpb_single_image wpb_content_element vc_align_center wpb_content_element  histoireimg\">\n\t\t\n\t\t<figure class=\"wpb_wrapper vc_figure\">\n\t\t\t<div class=\"vc_single_image-wrapper   vc_box_border_grey\"><img loading=\"lazy\" decoding=\"async\" width=\"688\" height=\"673\" src=\"https:\/\/mglexport.fr\/wp-content\/uploads\/2023\/05\/photo2.png\" class=\"vc_single_image-img attachment-full\" alt=\"\" title=\"photo2\" srcset=\"https:\/\/mglexport.fr\/wp-content\/uploads\/2023\/05\/photo2.png 688w, https:\/\/mglexport.fr\/wp-content\/uploads\/2023\/05\/photo2-300x293.png 300w\" sizes=\"auto, (max-width: 688px) 100vw, 688px\" \/><\/div>\n\t\t<\/figure>\n\t<\/div>\n\n\t<div  class=\"wpb_single_image wpb_content_element vc_align_left wpb_content_element  histoireimg\">\n\t\t\n\t\t<figure class=\"wpb_wrapper vc_figure\">\n\t\t\t<div class=\"vc_single_image-wrapper   vc_box_border_grey\"><img loading=\"lazy\" decoding=\"async\" width=\"688\" height=\"673\" src=\"https:\/\/mglexport.fr\/wp-content\/uploads\/2023\/05\/photo3.png\" class=\"vc_single_image-img attachment-full\" alt=\"\" title=\"photo3\" srcset=\"https:\/\/mglexport.fr\/wp-content\/uploads\/2023\/05\/photo3.png 688w, https:\/\/mglexport.fr\/wp-content\/uploads\/2023\/05\/photo3-300x293.png 300w\" sizes=\"auto, (max-width: 688px) 100vw, 688px\" \/><\/div>\n\t\t<\/figure>\n\t<\/div>\n<\/div><\/div><\/div><\/div><\/div><\/div><\/div><\/div><div id=\"valeursgris\" data-vc-full-width=\"true\" data-vc-full-width-temp=\"true\" data-vc-full-width-init=\"false\" data-vc-stretch-content=\"true\" class=\"vc_row wpb_row vc_row-fluid textenousconnaitre blanc moyentextevert vc_custom_1684762122214 vc_row-has-fill vc_row-no-padding\"><div class=\"wpb_column vc_column_container vc_col-sm-12\"><div class=\"vc_column-inner\"><div class=\"wpb_wrapper\"><div class=\"vc_row wpb_row vc_inner vc_row-fluid l1200\"><div class=\"wpb_column vc_column_container vc_col-sm-6\"><div class=\"vc_column-inner vc_custom_1687268077324\"><div class=\"wpb_wrapper\">\n\t<div class=\"wpb_text_column wpb_content_element\" >\n\t\t<div class=\"wpb_wrapper\">\n\t\t\t<h2 style=\"padding-top: 0;\">OUR VALUES<\/h2>\n\n\t\t<\/div>\n\t<\/div>\n<\/div><\/div><\/div><div class=\"wpb_column vc_column_container vc_col-sm-6\"><div class=\"vc_column-inner\"><div class=\"wpb_wrapper\"><\/div><\/div><\/div><\/div><div class=\"vc_row wpb_row vc_inner vc_row-fluid l1200 vc_column-gap-35\"><div class=\"wpb_column vc_column_container vc_col-sm-6\"><div class=\"vc_column-inner vc_custom_1687268054057\"><div class=\"wpb_wrapper\">\n\t<div class=\"wpb_text_column wpb_content_element\" >\n\t\t<div class=\"wpb_wrapper\">\n\t\t\t<ul>\n<li>LOYALTY<\/li>\n<\/ul>\n\n\t\t<\/div>\n\t<\/div>\n\n\t<div class=\"wpb_text_column wpb_content_element\" >\n\t\t<div class=\"wpb_wrapper\">\n\t\t\t<h3><span style=\"font-weight: bold;\"> MGL <\/span> a pour objectif d\u2019accompagner ses clients et ses fournisseurs sur le long terme et en toute confiance. C\u2019est pourquoi nos clients et nos fournisseurs ont choisi MGL depuis plus de 40 ans.<\/h3>\n\n\t\t<\/div>\n\t<\/div>\n\n\t<div class=\"wpb_text_column wpb_content_element\" >\n\t\t<div class=\"wpb_wrapper\">\n\t\t\t<ul>\n<li>AGILITY<\/li>\n<\/ul>\n\n\t\t<\/div>\n\t<\/div>\n\n\t<div class=\"wpb_text_column wpb_content_element\" >\n\t\t<div class=\"wpb_wrapper\">\n\t\t\t<h3>Notre objectif est de vous donner enti\u00e8re satisfaction et cela tout au long de nos \u00e9changes.<\/h3>\n\n\t\t<\/div>\n\t<\/div>\n\n\t<div class=\"wpb_text_column wpb_content_element\" >\n\t\t<div class=\"wpb_wrapper\">\n\t\t\t<ul>\n<li>REACTIVITY<\/li>\n<\/ul>\n\n\t\t<\/div>\n\t<\/div>\n\n\t<div class=\"wpb_text_column wpb_content_element\" >\n\t\t<div class=\"wpb_wrapper\">\n\t\t\t<h3>MGL is dedicated to serving its customers and responding to all their requests as quickly as possible<\/h3>\n\n\t\t<\/div>\n\t<\/div>\n<\/div><\/div><\/div><div class=\"wpb_column vc_column_container vc_col-sm-6\"><div class=\"vc_column-inner vc_custom_1687268067838\"><div class=\"wpb_wrapper\">\n\t<div class=\"wpb_text_column wpb_content_element\" >\n\t\t<div class=\"wpb_wrapper\">\n\t\t\t<ul>\n<li>PROXIMITY<\/li>\n<\/ul>\n\n\t\t<\/div>\n\t<\/div>\n\n\t<div class=\"wpb_text_column wpb_content_element\" >\n\t\t<div class=\"wpb_wrapper\">\n\t\t\t<h3>Malgr\u00e9 la distance, <span style=\"font-weight: bold;\"> MGL <\/span>se d\u00e9place directement chez ses clients pour les accompagner jusqu\u2019au bout. Nous assurons \u00e9galement un contact permanent avec nos clients afin de pouvoir r\u00e9pondre \u00e0 toutes leurs probl\u00e9matiques.<\/h3>\n\n\t\t<\/div>\n\t<\/div>\n\n\t<div class=\"wpb_text_column wpb_content_element\" >\n\t\t<div class=\"wpb_wrapper\">\n\t\t\t<ul>\n<li>PROFESSIONALISM<\/li>\n<\/ul>\n\n\t\t<\/div>\n\t<\/div>\n\n\t<div class=\"wpb_text_column wpb_content_element\" >\n\t\t<div class=\"wpb_wrapper\">\n\t\t\t<h3>Gr\u00e2ce \u00e0 son exp\u00e9rience de plus de 40 ans dans le secteur du b\u00e2timent et dans le monde entier, <span style=\"font-weight: bold;\"> MGL <\/span> vous apporte son expertise en termes de d\u00e9veloppement de votre entreprise et d\u2019accompagnement sur le choix des produits pour votre march\u00e9.<\/h3>\n\n\t\t<\/div>\n\t<\/div>\n<\/div><\/div><\/div><\/div><\/div><\/div><\/div><\/div><div class=\"vc_row-full-width vc_clearfix\"><\/div><div class=\"vc_row wpb_row vc_row-fluid textenousconnaitre bloc0\"><div class=\"wpb_column vc_column_container vc_col-sm-12\"><div class=\"vc_column-inner\"><div class=\"wpb_wrapper\"><div class=\"vc_row wpb_row vc_inner vc_row-fluid\"><div class=\"wpb_column vc_column_container vc_col-sm-3\"><div class=\"vc_column-inner\"><div class=\"wpb_wrapper\"><\/div><\/div><\/div><div class=\"wpb_column vc_column_container vc_col-sm-9\"><div class=\"vc_column-inner\"><div class=\"wpb_wrapper\">\n\t<div class=\"wpb_text_column wpb_content_element\" >\n\t\t<div class=\"wpb_wrapper\">\n\t\t\t<h2 style=\"padding-top: 0;\"><span style=\"color: #4c5863;\">A DEVELOPMENT<br \/>\nTHAT IS IN KEEPING WITH<\/span><br \/>\nTHE TIMES<\/h2>\n\n\t\t<\/div>\n\t<\/div>\n<\/div><\/div><\/div><\/div><div class=\"vc_row wpb_row vc_inner vc_row-fluid\"><div class=\"citationdeveloppement wpb_column vc_column_container vc_col-sm-3\"><div class=\"vc_column-inner\"><div class=\"wpb_wrapper\">\n\t<div class=\"wpb_text_column wpb_content_element wpb_animate_when_almost_visible wpb_fadeInLeft fadeInLeft\" >\n\t\t<div class=\"wpb_wrapper\">\n\t\t\t<h2 style=\"font-size: 33px;\">\"Coming together is a beginning, staying together is progress, working together is success\"<\/h2>\n\n\t\t<\/div>\n\t<\/div>\n\n\t<div class=\"wpb_text_column wpb_content_element wpb_animate_when_almost_visible wpb_fadeInLeft fadeInLeft\" >\n\t\t<div class=\"wpb_wrapper\">\n\t\t\t<h2 style=\"font-size: 20px;\">Henri Ford<\/h2>\n\n\t\t<\/div>\n\t<\/div>\n<\/div><\/div><\/div><div class=\"wpb_column vc_column_container vc_col-sm-9\"><div class=\"vc_column-inner\"><div class=\"wpb_wrapper\">\n\t<div class=\"wpb_text_column wpb_content_element textedeveloppement\" >\n\t\t<div class=\"wpb_wrapper\">\n\t\t\t<h3><span style=\"font-weight: bold;\"> MGL <\/span> prend la d\u00e9cision d\u2019ouvrir en 2013 un premier bureau en Espagne, puis un second bureau en Chine en 2014 afin d\u2019assurer un suivi administratif de chaque dossier, de trouver perp\u00e9tuellement de nouveaux produits aux meilleurs prix, et d\u2019assurer un contr\u00f4le qualit\u00e9 sur toutes ses exp\u00e9ditions. <span style=\"font-weight: bold;\"> MGL <\/span> devient une r\u00e9f\u00e9rence importante sur ses march\u00e9s et un label de qualit\u00e9 pour les produits qu\u2019elle d\u00e9veloppe.<\/h3>\n<h3>De nouveaux march\u00e9s commencent \u00e9galement \u00e0 \u00e9merger et <span style=\"font-weight: bold;\"> MGL <\/span> ne compte pas se laisser d\u00e9passer. Comme a pu le faire son p\u00e8re auparavant, <strong>Jean-Michel<\/strong> d\u00e9cide d\u2019embaucher ses deux fils, Thibault et Gauthier Druenne dans l\u2019entreprise familiale.<\/h3>\n<h3>En 2018, l\u2019entreprise d\u00e9cide de se lancer \u00e0 l\u2019assaut de l\u2019Inde en ouvrant un nouveau bureau sur place. Le pays \u00e9tait en plein d\u00e9veloppement et souhaitait se doter des meilleures technologies afin de rattraper son retard en proposant des produits encore plus qualitatifs que ses concurrents. De r\u00e9elles opportunit\u00e9s apparaissaient ainsi que de nouveaux horizons.<\/h3>\n\n\t\t<\/div>\n\t<\/div>\n<\/div><\/div><\/div><\/div><\/div><\/div><\/div><\/div><div id=\"implantation\" data-vc-full-width=\"true\" data-vc-full-width-temp=\"true\" data-vc-full-width-init=\"false\" class=\"vc_row wpb_row vc_row-fluid textenousconnaitre paysmap vc_custom_1684834328103 vc_row-has-fill\"><div class=\"wpb_column vc_column_container vc_col-sm-12\"><div class=\"vc_column-inner\"><div class=\"wpb_wrapper\">\n\t<div class=\"wpb_text_column wpb_content_element wpb_animate_when_almost_visible wpb_fadeInLeft fadeInLeft maptitre\" >\n\t\t<div class=\"wpb_wrapper\">\n\t\t\t<h2>MGL, <span style=\"color: #fff;\">AN INTERNATIONAL NETWORK<br \/>\nWHO TRUSTS US<\/span><\/h2>\n\n\t\t<\/div>\n\t<\/div>\n<\/div><\/div><\/div><\/div><div class=\"vc_row-full-width vc_clearfix\"><\/div><div class=\"vc_row wpb_row vc_row-fluid paysmap vc_custom_1684765688722 vc_row-o-equal-height vc_row-flex\"><div class=\"wpb_column vc_column_container vc_col-sm-6\"><div class=\"vc_column-inner\"><div class=\"wpb_wrapper\">\n\t<div class=\"wpb_text_column wpb_content_element\" >\n\t\t<div class=\"wpb_wrapper\">\n\t\t\t<h3 style=\"color: #6ce0d5; font-weight: bold; font-size: 15px;\">MGL REPR\u00c9SENTE :<\/h3>\n\n\t\t<\/div>\n\t<\/div>\n\n\t<div class=\"wpb_text_column wpb_content_element\" >\n\t\t<div class=\"wpb_wrapper\">\n\t\t\t<h4>Espagne &#8211; Italie &#8211; Portugal &#8211; R\u00e9publique Tch\u00e8que &#8211; Pologne &#8211; Egypte -Turquie &#8211; Inde &#8211; Chine &#8211; Vietnam &#8211; Tha\u00eflande &#8211; Br\u00e9sil &#8211; Arabie Saoudite<\/h4>\n\n\t\t<\/div>\n\t<\/div>\n<\/div><\/div><\/div><div class=\"lignedroite wpb_column vc_column_container vc_col-sm-6\"><div class=\"vc_column-inner\"><div class=\"wpb_wrapper\">\n\t<div class=\"wpb_text_column wpb_content_element\" >\n\t\t<div class=\"wpb_wrapper\">\n\t\t\t<h2 style=\"font-size: 15px; font-weight: inherit !important; color: #28b065;\">MGL EST PR\u00c9SENT :<\/h2>\n\n\t\t<\/div>\n\t<\/div>\n\n\t<div class=\"wpb_text_column wpb_content_element\" >\n\t\t<div class=\"wpb_wrapper\">\n\t\t\t<h4>Europe: France \u2013 Belgium \u2013 Spain \u2013 Portugal<br \/>\nAfrica: South Africa \u2013 Angola \u2013 Benin \u2013 Burkina Faso \u2013 Cameroon \u2013 Congo \u2013 C\u00f4te d\u2019Ivoire \u2013 Gambia \u2013 Ghana \u2013 Gabon \u2013 Equatorial Guinea \u2013 Guinea \u2013 Libya \u2013 Mali \u2013 Morocco \u2013 Mauritania \u2013 Mozambique \u2013 Niger \u2013 Nigeria \u2013 Senegal \u2013 Sierra Leone \u2013 Tanzania \u2013 Chad \u2013 Togo \u2013 Tunisia<br \/>\nMiddle East: Saudi Arabia \u2013 Lebanon \u2013 Iraq<br \/>\nSouth America: Suriname<br \/>\nCaribbean: Guadeloupe \u2013 French Guiana \u2013 Martinique \u2013 Saint Martin<br \/>\nIndian Ocean: Mauritius \u2013 R\u00e9union \u2013 Madagascar \u2013 Mayotte<br \/>\nOceania: Australia \u2013 New Caledonia \u2013 Tahiti<\/h4>\n\n\t\t<\/div>\n\t<\/div>\n<\/div><\/div><\/div><\/div>\n<\/div>","protected":false},"excerpt":{"rendered":"NOUS CONNA\u00ceTRE MGL, UNE HISTOIRE ATYPIQUE L\u2019histoire de MGL (Michel Georges Lasserre) commence en 1979. Apr\u00e8s plus de 20 ans de carri\u00e8re en tant que carreleur, conducteur de travaux et commercial dans la distribution de carrelage en r\u00e9gion parisienne, Michel Georges Lasserre souhaitait d\u00e9couvrir le monde du commerce international. Il ne lui a fallu que [...]","protected":false},"author":1,"featured_media":0,"parent":0,"menu_order":0,"comment_status":"closed","ping_status":"closed","template":"","meta":{"footnotes":""},"class_list":["post-236","page","type-page","status-publish","hentry"],"yoast_head":"<!-- This site is optimized with the Yoast SEO Premium plugin v25.9 (Yoast SEO v26.5) - https:\/\/yoast.com\/wordpress\/plugins\/seo\/ -->\n<title>L\u2019histoire de MGL<\/title>\n<meta name=\"description\" content=\"L\u2019histoire de MGL (Michel Georges Lasserre) commence en 1979. Apr\u00e8s plus de 20 ans de carri\u00e8re en tant que carreleur, conducteur de travaux\" \/>\n<meta name=\"robots\" content=\"index, follow, max-snippet:-1, max-image-preview:large, max-video-preview:-1\" \/>\n<link rel=\"canonical\" href=\"https:\/\/mglexport.fr\/en\/nous-connaitre\/\" \/>\n<meta property=\"og:locale\" content=\"en_US\" \/>\n<meta property=\"og:type\" content=\"article\" \/>\n<meta property=\"og:title\" content=\"Nous conna\u00eetre\" \/>\n<meta property=\"og:description\" content=\"L\u2019histoire de MGL (Michel Georges Lasserre) commence en 1979. Apr\u00e8s plus de 20 ans de carri\u00e8re en tant que carreleur, conducteur de travaux\" \/>\n<meta property=\"og:url\" content=\"https:\/\/mglexport.fr\/en\/nous-connaitre\/\" \/>\n<meta property=\"og:site_name\" content=\"MGL Export\" \/>\n<meta property=\"article:modified_time\" content=\"2025-12-11T10:18:57+00:00\" \/>\n<meta name=\"twitter:card\" content=\"summary_large_image\" \/>\n<meta name=\"twitter:label1\" content=\"Est. reading time\" \/>\n\t<meta name=\"twitter:data1\" content=\"8 minutes\" \/>\n<script type=\"application\/ld+json\" class=\"yoast-schema-graph\">{\"@context\":\"https:\/\/schema.org\",\"@graph\":[{\"@type\":\"WebPage\",\"@id\":\"https:\/\/mglexport.fr\/nous-connaitre\/\",\"url\":\"https:\/\/mglexport.fr\/nous-connaitre\/\",\"name\":\"L\u2019histoire de MGL\",\"isPartOf\":{\"@id\":\"https:\/\/mglexport.fr\/#website\"},\"datePublished\":\"2023-05-15T12:52:16+00:00\",\"dateModified\":\"2025-12-11T10:18:57+00:00\",\"description\":\"L\u2019histoire de MGL (Michel Georges Lasserre) commence en 1979. Apr\u00e8s plus de 20 ans de carri\u00e8re en tant que carreleur, conducteur de travaux\",\"breadcrumb\":{\"@id\":\"https:\/\/mglexport.fr\/nous-connaitre\/#breadcrumb\"},\"inLanguage\":\"en-US\",\"potentialAction\":[{\"@type\":\"ReadAction\",\"target\":[\"https:\/\/mglexport.fr\/nous-connaitre\/\"]}]},{\"@type\":\"BreadcrumbList\",\"@id\":\"https:\/\/mglexport.fr\/nous-connaitre\/#breadcrumb\",\"itemListElement\":[{\"@type\":\"ListItem\",\"position\":1,\"name\":\"Accueil\",\"item\":\"https:\/\/mglexport.fr\/\"},{\"@type\":\"ListItem\",\"position\":2,\"name\":\"Nous conna\u00eetre\"}]},{\"@type\":\"WebSite\",\"@id\":\"https:\/\/mglexport.fr\/#website\",\"url\":\"https:\/\/mglexport.fr\/\",\"name\":\"MGL Export\",\"description\":\"\",\"publisher\":{\"@id\":\"https:\/\/mglexport.fr\/#organization\"},\"potentialAction\":[{\"@type\":\"SearchAction\",\"target\":{\"@type\":\"EntryPoint\",\"urlTemplate\":\"https:\/\/mglexport.fr\/?s={search_term_string}\"},\"query-input\":{\"@type\":\"PropertyValueSpecification\",\"valueRequired\":true,\"valueName\":\"search_term_string\"}}],\"inLanguage\":\"en-US\"},{\"@type\":\"Organization\",\"@id\":\"https:\/\/mglexport.fr\/#organization\",\"name\":\"MGL Export\",\"url\":\"https:\/\/mglexport.fr\/\",\"logo\":{\"@type\":\"ImageObject\",\"inLanguage\":\"en-US\",\"@id\":\"https:\/\/mglexport.fr\/#\/schema\/logo\/image\/\",\"url\":\"https:\/\/91.134.190.184\/~mglexport\/wp-content\/uploads\/2023\/05\/MGL_logo_blanc-copie.png\",\"contentUrl\":\"https:\/\/91.134.190.184\/~mglexport\/wp-content\/uploads\/2023\/05\/MGL_logo_blanc-copie.png\",\"width\":154,\"height\":192,\"caption\":\"MGL Export\"},\"image\":{\"@id\":\"https:\/\/mglexport.fr\/#\/schema\/logo\/image\/\"}}]}<\/script>\n<!-- \/ Yoast SEO Premium plugin. -->","yoast_head_json":{"title":"L\u2019histoire de MGL","description":"L\u2019histoire de MGL (Michel Georges Lasserre) commence en 1979. Apr\u00e8s plus de 20 ans de carri\u00e8re en tant que carreleur, conducteur de travaux","robots":{"index":"index","follow":"follow","max-snippet":"max-snippet:-1","max-image-preview":"max-image-preview:large","max-video-preview":"max-video-preview:-1"},"canonical":"https:\/\/mglexport.fr\/en\/nous-connaitre\/","og_locale":"en_US","og_type":"article","og_title":"Nous conna\u00eetre","og_description":"L\u2019histoire de MGL (Michel Georges Lasserre) commence en 1979. Apr\u00e8s plus de 20 ans de carri\u00e8re en tant que carreleur, conducteur de travaux","og_url":"https:\/\/mglexport.fr\/en\/nous-connaitre\/","og_site_name":"MGL Export","article_modified_time":"2025-12-11T10:18:57+00:00","twitter_card":"summary_large_image","twitter_misc":{"Est. reading time":"8 minutes"},"schema":{"@context":"https:\/\/schema.org","@graph":[{"@type":"WebPage","@id":"https:\/\/mglexport.fr\/nous-connaitre\/","url":"https:\/\/mglexport.fr\/nous-connaitre\/","name":"L\u2019histoire de MGL","isPartOf":{"@id":"https:\/\/mglexport.fr\/#website"},"datePublished":"2023-05-15T12:52:16+00:00","dateModified":"2025-12-11T10:18:57+00:00","description":"L\u2019histoire de MGL (Michel Georges Lasserre) commence en 1979. Apr\u00e8s plus de 20 ans de carri\u00e8re en tant que carreleur, conducteur de travaux","breadcrumb":{"@id":"https:\/\/mglexport.fr\/nous-connaitre\/#breadcrumb"},"inLanguage":"en-US","potentialAction":[{"@type":"ReadAction","target":["https:\/\/mglexport.fr\/nous-connaitre\/"]}]},{"@type":"BreadcrumbList","@id":"https:\/\/mglexport.fr\/nous-connaitre\/#breadcrumb","itemListElement":[{"@type":"ListItem","position":1,"name":"Accueil","item":"https:\/\/mglexport.fr\/"},{"@type":"ListItem","position":2,"name":"Nous conna\u00eetre"}]},{"@type":"WebSite","@id":"https:\/\/mglexport.fr\/#website","url":"https:\/\/mglexport.fr\/","name":"MGL Export","description":"","publisher":{"@id":"https:\/\/mglexport.fr\/#organization"},"potentialAction":[{"@type":"SearchAction","target":{"@type":"EntryPoint","urlTemplate":"https:\/\/mglexport.fr\/?s={search_term_string}"},"query-input":{"@type":"PropertyValueSpecification","valueRequired":true,"valueName":"search_term_string"}}],"inLanguage":"en-US"},{"@type":"Organization","@id":"https:\/\/mglexport.fr\/#organization","name":"MGL Export","url":"https:\/\/mglexport.fr\/","logo":{"@type":"ImageObject","inLanguage":"en-US","@id":"https:\/\/mglexport.fr\/#\/schema\/logo\/image\/","url":"https:\/\/91.134.190.184\/~mglexport\/wp-content\/uploads\/2023\/05\/MGL_logo_blanc-copie.png","contentUrl":"https:\/\/91.134.190.184\/~mglexport\/wp-content\/uploads\/2023\/05\/MGL_logo_blanc-copie.png","width":154,"height":192,"caption":"MGL Export"},"image":{"@id":"https:\/\/mglexport.fr\/#\/schema\/logo\/image\/"}}]}},"_links":{"self":[{"href":"https:\/\/mglexport.fr\/en\/wp-json\/wp\/v2\/pages\/236","targetHints":{"allow":["GET"]}}],"collection":[{"href":"https:\/\/mglexport.fr\/en\/wp-json\/wp\/v2\/pages"}],"about":[{"href":"https:\/\/mglexport.fr\/en\/wp-json\/wp\/v2\/types\/page"}],"author":[{"embeddable":true,"href":"https:\/\/mglexport.fr\/en\/wp-json\/wp\/v2\/users\/1"}],"replies":[{"embeddable":true,"href":"https:\/\/mglexport.fr\/en\/wp-json\/wp\/v2\/comments?post=236"}],"version-history":[{"count":1,"href":"https:\/\/mglexport.fr\/en\/wp-json\/wp\/v2\/pages\/236\/revisions"}],"predecessor-version":[{"id":756,"href":"https:\/\/mglexport.fr\/en\/wp-json\/wp\/v2\/pages\/236\/revisions\/756"}],"wp:attachment":[{"href":"https:\/\/mglexport.fr\/en\/wp-json\/wp\/v2\/media?parent=236"}],"curies":[{"name":"wp","href":"https:\/\/api.w.org\/{rel}","templated":true}]}}