{"id":3,"date":"2023-04-21T10:19:29","date_gmt":"2023-04-21T10:19:29","guid":{"rendered":"http:\/\/mglexport.fr\/?page_id=3"},"modified":"2023-06-20T17:22:27","modified_gmt":"2023-06-20T15:22:27","slug":"politique-de-confidentialite","status":"publish","type":"page","link":"https:\/\/mglexport.fr\/en\/politique-de-confidentialite\/","title":{"rendered":"Privacy policy"},"content":{"rendered":"<div class=\"wpb-content-wrapper\"><div id=\"photoheader\" data-vc-full-width=\"true\" data-vc-full-width-temp=\"true\" data-vc-full-width-init=\"false\" class=\"vc_row wpb_row vc_row-fluid vc_custom_1684831273005 vc_row-has-fill\"><div class=\"wpb_column vc_column_container vc_col-sm-12\"><div class=\"vc_column-inner\"><div class=\"wpb_wrapper\">\n\t<div class=\"wpb_text_column wpb_content_element\" >\n\t\t<div class=\"wpb_wrapper\">\n\t\t\t<h1>CGU et Politique de confidentialit\u00e9<\/h1>\n\n\t\t<\/div>\n\t<\/div>\n<\/div><\/div><\/div><\/div><div class=\"vc_row-full-width vc_clearfix\"><\/div><div class=\"vc_row wpb_row vc_row-fluid\"><div class=\"wpb_column vc_column_container vc_col-sm-12\"><div class=\"vc_column-inner\"><div class=\"wpb_wrapper\">\n\t<div class=\"wpb_text_column wpb_content_element\" >\n\t\t<div class=\"wpb_wrapper\">\n\t\t\t<h2>1. Introduction<\/h2>\n<p>Les pr\u00e9sentes Conditions G\u00e9n\u00e9rales d&rsquo;Utilisation (\u00ab CGU \u00bb) r\u00e9gissent votre utilisation du site web de MGL.<\/p>\n<h2>2. Acceptation des CGU<\/h2>\n<p>En acc\u00e9dant et en utilisant notre site web, vous acceptez d&rsquo;\u00eatre li\u00e9 par les pr\u00e9sentes CGU.<\/p>\n<h2>3. Propri\u00e9t\u00e9 intellectuelle<\/h2>\n<p>Tout le contenu pr\u00e9sent sur notre site web est prot\u00e9g\u00e9 par les lois sur la propri\u00e9t\u00e9 intellectuelle. Vous ne pouvez pas reproduire, distribuer ou modifier le contenu sans notre autorisation \u00e9crite.<\/p>\n<h1>Politique de Confidentialit\u00e9<\/h1>\n<h2>1. Collecte des informations<\/h2>\n<p>Nous collectons certaines informations personnelles lorsque vous utilisez notre site web. Cela peut inclure votre nom, votre adresse e-mail, votre adresse IP, etc. Nous utilisons ces informations conform\u00e9ment aux lois sur la protection des donn\u00e9es en vigueur.<\/p>\n<h2>2. Utilisation des informations<\/h2>\n<p>Les informations que nous collectons sont utilis\u00e9es pour vous fournir nos services, am\u00e9liorer notre site web, personnaliser votre exp\u00e9rience utilisateur et vous contacter si n\u00e9cessaire.<\/p>\n<h2>3. Divulgation des informations<\/h2>\n<p>Nous ne partageons pas vos informations personnelles avec des tiers, sauf dans les cas pr\u00e9vus par la loi ou lorsque cela est n\u00e9cessaire pour fournir nos services.<\/p>\n<h2>4. S\u00e9curit\u00e9 des informations<\/h2>\n<p>Nous mettons en place des mesures de s\u00e9curit\u00e9 appropri\u00e9es pour prot\u00e9ger vos informations personnelles contre tout acc\u00e8s non autoris\u00e9 ou toute divulgation.<\/p>\n<h2>5. Consentement<\/h2>\n<p>En utilisant notre site web, vous consentez \u00e0 la collecte et \u00e0 l&rsquo;utilisation de vos informations personnelles conform\u00e9ment \u00e0 notre Politique de Confidentialit\u00e9.<\/p>\n<h2>6. Contactez-nous<\/h2>\n<p>Si vous avez des questions concernant nos CGU ou notre Politique de Confidentialit\u00e9, vous pouvez nous contacter<\/p>\n\n\t\t<\/div>\n\t<\/div>\n<\/div><\/div><\/div><\/div>\n<\/div>","protected":false},"excerpt":{"rendered":"CGU et Politique de confidentialit\u00e9 1. Introduction Les pr\u00e9sentes Conditions G\u00e9n\u00e9rales d'Utilisation (\u00ab CGU \u00bb) r\u00e9gissent votre utilisation du site web de MGL. 2. Acceptation des CGU En acc\u00e9dant et en utilisant notre site web, vous acceptez d'\u00eatre li\u00e9 par les pr\u00e9sentes CGU. 3. Propri\u00e9t\u00e9 intellectuelle Tout le contenu pr\u00e9sent sur notre site web est [...]","protected":false},"author":1,"featured_media":0,"parent":0,"menu_order":0,"comment_status":"closed","ping_status":"open","template":"","meta":{"footnotes":""},"class_list":["post-3","page","type-page","status-publish","hentry"],"yoast_head":"<!-- This site is optimized with the Yoast SEO Premium plugin v25.9 (Yoast SEO v26.5) - https:\/\/yoast.com\/wordpress\/plugins\/seo\/ -->\n<title>Politique de confidentialit\u00e9 - MGL Export<\/title>\n<meta name=\"robots\" content=\"index, follow, max-snippet:-1, max-image-preview:large, max-video-preview:-1\" \/>\n<link rel=\"canonical\" href=\"https:\/\/mglexport.fr\/en\/politique-de-confidentialite\/\" \/>\n<meta property=\"og:locale\" content=\"en_US\" \/>\n<meta property=\"og:type\" content=\"article\" \/>\n<meta property=\"og:title\" content=\"Politique de confidentialit\u00e9\" \/>\n<meta property=\"og:url\" content=\"https:\/\/mglexport.fr\/en\/politique-de-confidentialite\/\" \/>\n<meta property=\"og:site_name\" content=\"MGL Export\" \/>\n<meta property=\"article:modified_time\" content=\"2023-06-20T15:22:27+00:00\" \/>\n<meta name=\"twitter:card\" content=\"summary_large_image\" \/>\n<meta name=\"twitter:label1\" content=\"Est. reading time\" \/>\n\t<meta name=\"twitter:data1\" content=\"2 minutes\" \/>\n<script type=\"application\/ld+json\" class=\"yoast-schema-graph\">{\"@context\":\"https:\/\/schema.org\",\"@graph\":[{\"@type\":\"WebPage\",\"@id\":\"https:\/\/mglexport.fr\/politique-de-confidentialite\/\",\"url\":\"https:\/\/mglexport.fr\/politique-de-confidentialite\/\",\"name\":\"Politique de confidentialit\u00e9 - MGL Export\",\"isPartOf\":{\"@id\":\"https:\/\/mglexport.fr\/#website\"},\"datePublished\":\"2023-04-21T10:19:29+00:00\",\"dateModified\":\"2023-06-20T15:22:27+00:00\",\"breadcrumb\":{\"@id\":\"https:\/\/mglexport.fr\/politique-de-confidentialite\/#breadcrumb\"},\"inLanguage\":\"en-US\",\"potentialAction\":[{\"@type\":\"ReadAction\",\"target\":[\"https:\/\/mglexport.fr\/politique-de-confidentialite\/\"]}]},{\"@type\":\"BreadcrumbList\",\"@id\":\"https:\/\/mglexport.fr\/politique-de-confidentialite\/#breadcrumb\",\"itemListElement\":[{\"@type\":\"ListItem\",\"position\":1,\"name\":\"Accueil\",\"item\":\"https:\/\/mglexport.fr\/\"},{\"@type\":\"ListItem\",\"position\":2,\"name\":\"Politique de confidentialit\u00e9\"}]},{\"@type\":\"WebSite\",\"@id\":\"https:\/\/mglexport.fr\/#website\",\"url\":\"https:\/\/mglexport.fr\/\",\"name\":\"MGL Export\",\"description\":\"\",\"publisher\":{\"@id\":\"https:\/\/mglexport.fr\/#organization\"},\"potentialAction\":[{\"@type\":\"SearchAction\",\"target\":{\"@type\":\"EntryPoint\",\"urlTemplate\":\"https:\/\/mglexport.fr\/?s={search_term_string}\"},\"query-input\":{\"@type\":\"PropertyValueSpecification\",\"valueRequired\":true,\"valueName\":\"search_term_string\"}}],\"inLanguage\":\"en-US\"},{\"@type\":\"Organization\",\"@id\":\"https:\/\/mglexport.fr\/#organization\",\"name\":\"MGL Export\",\"url\":\"https:\/\/mglexport.fr\/\",\"logo\":{\"@type\":\"ImageObject\",\"inLanguage\":\"en-US\",\"@id\":\"https:\/\/mglexport.fr\/#\/schema\/logo\/image\/\",\"url\":\"https:\/\/91.134.190.184\/~mglexport\/wp-content\/uploads\/2023\/05\/MGL_logo_blanc-copie.png\",\"contentUrl\":\"https:\/\/91.134.190.184\/~mglexport\/wp-content\/uploads\/2023\/05\/MGL_logo_blanc-copie.png\",\"width\":154,\"height\":192,\"caption\":\"MGL Export\"},\"image\":{\"@id\":\"https:\/\/mglexport.fr\/#\/schema\/logo\/image\/\"}}]}<\/script>\n<!-- \/ Yoast SEO Premium plugin. -->","yoast_head_json":{"title":"Politique de confidentialit\u00e9 - MGL Export","robots":{"index":"index","follow":"follow","max-snippet":"max-snippet:-1","max-image-preview":"max-image-preview:large","max-video-preview":"max-video-preview:-1"},"canonical":"https:\/\/mglexport.fr\/en\/politique-de-confidentialite\/","og_locale":"en_US","og_type":"article","og_title":"Politique de confidentialit\u00e9","og_url":"https:\/\/mglexport.fr\/en\/politique-de-confidentialite\/","og_site_name":"MGL Export","article_modified_time":"2023-06-20T15:22:27+00:00","twitter_card":"summary_large_image","twitter_misc":{"Est. reading time":"2 minutes"},"schema":{"@context":"https:\/\/schema.org","@graph":[{"@type":"WebPage","@id":"https:\/\/mglexport.fr\/politique-de-confidentialite\/","url":"https:\/\/mglexport.fr\/politique-de-confidentialite\/","name":"Politique de confidentialit\u00e9 - MGL Export","isPartOf":{"@id":"https:\/\/mglexport.fr\/#website"},"datePublished":"2023-04-21T10:19:29+00:00","dateModified":"2023-06-20T15:22:27+00:00","breadcrumb":{"@id":"https:\/\/mglexport.fr\/politique-de-confidentialite\/#breadcrumb"},"inLanguage":"en-US","potentialAction":[{"@type":"ReadAction","target":["https:\/\/mglexport.fr\/politique-de-confidentialite\/"]}]},{"@type":"BreadcrumbList","@id":"https:\/\/mglexport.fr\/politique-de-confidentialite\/#breadcrumb","itemListElement":[{"@type":"ListItem","position":1,"name":"Accueil","item":"https:\/\/mglexport.fr\/"},{"@type":"ListItem","position":2,"name":"Politique de confidentialit\u00e9"}]},{"@type":"WebSite","@id":"https:\/\/mglexport.fr\/#website","url":"https:\/\/mglexport.fr\/","name":"MGL Export","description":"","publisher":{"@id":"https:\/\/mglexport.fr\/#organization"},"potentialAction":[{"@type":"SearchAction","target":{"@type":"EntryPoint","urlTemplate":"https:\/\/mglexport.fr\/?s={search_term_string}"},"query-input":{"@type":"PropertyValueSpecification","valueRequired":true,"valueName":"search_term_string"}}],"inLanguage":"en-US"},{"@type":"Organization","@id":"https:\/\/mglexport.fr\/#organization","name":"MGL Export","url":"https:\/\/mglexport.fr\/","logo":{"@type":"ImageObject","inLanguage":"en-US","@id":"https:\/\/mglexport.fr\/#\/schema\/logo\/image\/","url":"https:\/\/91.134.190.184\/~mglexport\/wp-content\/uploads\/2023\/05\/MGL_logo_blanc-copie.png","contentUrl":"https:\/\/91.134.190.184\/~mglexport\/wp-content\/uploads\/2023\/05\/MGL_logo_blanc-copie.png","width":154,"height":192,"caption":"MGL Export"},"image":{"@id":"https:\/\/mglexport.fr\/#\/schema\/logo\/image\/"}}]}},"_links":{"self":[{"href":"https:\/\/mglexport.fr\/en\/wp-json\/wp\/v2\/pages\/3","targetHints":{"allow":["GET"]}}],"collection":[{"href":"https:\/\/mglexport.fr\/en\/wp-json\/wp\/v2\/pages"}],"about":[{"href":"https:\/\/mglexport.fr\/en\/wp-json\/wp\/v2\/types\/page"}],"author":[{"embeddable":true,"href":"https:\/\/mglexport.fr\/en\/wp-json\/wp\/v2\/users\/1"}],"replies":[{"embeddable":true,"href":"https:\/\/mglexport.fr\/en\/wp-json\/wp\/v2\/comments?post=3"}],"version-history":[{"count":0,"href":"https:\/\/mglexport.fr\/en\/wp-json\/wp\/v2\/pages\/3\/revisions"}],"wp:attachment":[{"href":"https:\/\/mglexport.fr\/en\/wp-json\/wp\/v2\/media?parent=3"}],"curies":[{"name":"wp","href":"https:\/\/api.w.org\/{rel}","templated":true}]}}