{"id":609,"date":"2023-05-23T10:37:22","date_gmt":"2023-05-23T08:37:22","guid":{"rendered":"https:\/\/mglexport.fr\/?page_id=609"},"modified":"2023-05-23T10:37:22","modified_gmt":"2023-05-23T08:37:22","slug":"mentions-legales","status":"publish","type":"page","link":"https:\/\/mglexport.fr\/en\/mentions-legales\/","title":{"rendered":"Legal notice"},"content":{"rendered":"<div class=\"wpb-content-wrapper\"><div id=\"photoheader\" data-vc-full-width=\"true\" data-vc-full-width-temp=\"true\" data-vc-full-width-init=\"false\" class=\"vc_row wpb_row vc_row-fluid vc_custom_1684830988504 vc_row-has-fill\"><div class=\"wpb_column vc_column_container vc_col-sm-12\"><div class=\"vc_column-inner\"><div class=\"wpb_wrapper\">\n\t<div class=\"wpb_text_column wpb_content_element\" >\n\t\t<div class=\"wpb_wrapper\">\n\t\t\t<h1>Legal notice<\/h1>\n\n\t\t<\/div>\n\t<\/div>\n<\/div><\/div><\/div><\/div><div class=\"vc_row-full-width vc_clearfix\"><\/div><div class=\"vc_row wpb_row vc_row-fluid\"><div class=\"wpb_column vc_column_container vc_col-sm-12\"><div class=\"vc_column-inner\"><div class=\"wpb_wrapper\">\n\t<div class=\"wpb_text_column wpb_content_element\" >\n\t\t<div class=\"wpb_wrapper\">\n\t\t\t<h3><span class=\"green\">1- Pr\u00e9sentation du site<\/span><\/h3>\n<p>Chez MGL, nous accordons une grande importance \u00e0 la confidentialit\u00e9 et \u00e0 la protection des donn\u00e9es personnelles de nos utilisateurs. Cette politique de confidentialit\u00e9 d\u00e9crit comment nous collectons, utilisons, divulguons et prot\u00e9geons les informations que nous recueillons lorsque vous utilisez notre site web. Veuillez prendre le temps de lire attentivement cette politique pour comprendre nos pratiques en mati\u00e8re de confidentialit\u00e9.<\/p>\n<h3><span class=\"green\">2- Nous collectons certaines informations personnelles<\/span><\/h3>\n<p>Lorsque vous interagissez avec notre site web ou lorsque vous nous les fournissez volontairement. Les informations que nous pouvons collecter incluent, sans s&rsquo;y limiter, les \u00e9l\u00e9ments suivants :<br \/>\n&#8211; Informations d&rsquo;identification : nom, adresse, num\u00e9ro de t\u00e9l\u00e9phone, adresse e-mail, etc.<br \/>\n&#8211; Informations sur l&rsquo;entreprise : nom de l&rsquo;entreprise, adresse, num\u00e9ro d&rsquo;identification fiscale, etc.<br \/>\n&#8211; Informations de paiement : coordonn\u00e9es bancaires, informations de carte de cr\u00e9dit, etc.<br \/>\n&#8211; Informations sur les produits : d\u00e9tails des produits que vous importez ou exportez, pr\u00e9f\u00e9rences, etc.].<\/p>\n<h3><span class=\"green\">3- Utilisation des informations collect\u00e9es<\/span><\/h3>\n<p>Nous utilisons les informations collect\u00e9es pour les finalit\u00e9s suivantes :<br \/>\n&#8211; Fournir les services demand\u00e9s et g\u00e9rer votre compte sur notre site web.<br \/>\n&#8211; Traiter les commandes et faciliter l&rsquo;importation ou l&rsquo;exportation des produits.<br \/>\n&#8211; Communiquer avec vous concernant les services, les mises \u00e0 jour et les offres promotionnelles.<br \/>\n&#8211; Am\u00e9liorer notre site web, nos produits et nos services en fonction des commentaires que nous recevons.<br \/>\n&#8211; R\u00e9pondre \u00e0 vos demandes, questions ou pr\u00e9occupations.<\/p>\n<h3><span class=\"green\">4- Divulgation des informations<\/span><\/h3>\n<p>Nous pouvons partager vos informations personnelles avec les tiers suivants :<br \/>\nPartenaires commerciaux et prestataires de services : nous pouvons divulguer vos informations \u00e0 des tiers qui nous aident \u00e0 fournir nos services, tels que les transporteurs, les agences douani\u00e8res, etc.<br \/>\nConformit\u00e9 l\u00e9gale : nous pouvons divulguer vos informations si nous sommes l\u00e9galement tenus de le faire, par exemple, pour nous conformer \u00e0 une demande d&rsquo;une autorit\u00e9 gouvernementale ou dans le cadre d&rsquo;une proc\u00e9dure judiciaire.<\/p>\n\n\t\t<\/div>\n\t<\/div>\n<\/div><\/div><\/div><\/div>\n<\/div>","protected":false},"excerpt":{"rendered":"Mentions l\u00e9gales 1- Pr\u00e9sentation du site Chez MGL, nous accordons une grande importance \u00e0 la confidentialit\u00e9 et \u00e0 la protection des donn\u00e9es personnelles de nos utilisateurs. Cette politique de confidentialit\u00e9 d\u00e9crit comment nous collectons, utilisons, divulguons et prot\u00e9geons les informations que nous recueillons lorsque vous utilisez notre site web. Veuillez prendre le temps de lire [...]","protected":false},"author":1,"featured_media":0,"parent":0,"menu_order":0,"comment_status":"closed","ping_status":"closed","template":"","meta":{"footnotes":""},"class_list":["post-609","page","type-page","status-publish","hentry"],"yoast_head":"<!-- This site is optimized with the Yoast SEO Premium plugin v25.9 (Yoast SEO v26.5) - https:\/\/yoast.com\/wordpress\/plugins\/seo\/ -->\n<title>Mentions l\u00e9gales - MGL Export<\/title>\n<meta name=\"robots\" content=\"index, follow, max-snippet:-1, max-image-preview:large, max-video-preview:-1\" \/>\n<link rel=\"canonical\" href=\"https:\/\/mglexport.fr\/en\/mentions-legales\/\" \/>\n<meta property=\"og:locale\" content=\"en_US\" \/>\n<meta property=\"og:type\" content=\"article\" \/>\n<meta property=\"og:title\" content=\"Mentions l\u00e9gales\" \/>\n<meta property=\"og:url\" content=\"https:\/\/mglexport.fr\/en\/mentions-legales\/\" \/>\n<meta property=\"og:site_name\" content=\"MGL Export\" \/>\n<meta name=\"twitter:card\" content=\"summary_large_image\" \/>\n<meta name=\"twitter:label1\" content=\"Est. reading time\" \/>\n\t<meta name=\"twitter:data1\" content=\"2 minutes\" \/>\n<script type=\"application\/ld+json\" class=\"yoast-schema-graph\">{\"@context\":\"https:\/\/schema.org\",\"@graph\":[{\"@type\":\"WebPage\",\"@id\":\"https:\/\/mglexport.fr\/mentions-legales\/\",\"url\":\"https:\/\/mglexport.fr\/mentions-legales\/\",\"name\":\"Mentions l\u00e9gales - MGL Export\",\"isPartOf\":{\"@id\":\"https:\/\/mglexport.fr\/#website\"},\"datePublished\":\"2023-05-23T08:37:22+00:00\",\"breadcrumb\":{\"@id\":\"https:\/\/mglexport.fr\/mentions-legales\/#breadcrumb\"},\"inLanguage\":\"en-US\",\"potentialAction\":[{\"@type\":\"ReadAction\",\"target\":[\"https:\/\/mglexport.fr\/mentions-legales\/\"]}]},{\"@type\":\"BreadcrumbList\",\"@id\":\"https:\/\/mglexport.fr\/mentions-legales\/#breadcrumb\",\"itemListElement\":[{\"@type\":\"ListItem\",\"position\":1,\"name\":\"Accueil\",\"item\":\"https:\/\/mglexport.fr\/\"},{\"@type\":\"ListItem\",\"position\":2,\"name\":\"Mentions l\u00e9gales\"}]},{\"@type\":\"WebSite\",\"@id\":\"https:\/\/mglexport.fr\/#website\",\"url\":\"https:\/\/mglexport.fr\/\",\"name\":\"MGL Export\",\"description\":\"\",\"publisher\":{\"@id\":\"https:\/\/mglexport.fr\/#organization\"},\"potentialAction\":[{\"@type\":\"SearchAction\",\"target\":{\"@type\":\"EntryPoint\",\"urlTemplate\":\"https:\/\/mglexport.fr\/?s={search_term_string}\"},\"query-input\":{\"@type\":\"PropertyValueSpecification\",\"valueRequired\":true,\"valueName\":\"search_term_string\"}}],\"inLanguage\":\"en-US\"},{\"@type\":\"Organization\",\"@id\":\"https:\/\/mglexport.fr\/#organization\",\"name\":\"MGL Export\",\"url\":\"https:\/\/mglexport.fr\/\",\"logo\":{\"@type\":\"ImageObject\",\"inLanguage\":\"en-US\",\"@id\":\"https:\/\/mglexport.fr\/#\/schema\/logo\/image\/\",\"url\":\"https:\/\/91.134.190.184\/~mglexport\/wp-content\/uploads\/2023\/05\/MGL_logo_blanc-copie.png\",\"contentUrl\":\"https:\/\/91.134.190.184\/~mglexport\/wp-content\/uploads\/2023\/05\/MGL_logo_blanc-copie.png\",\"width\":154,\"height\":192,\"caption\":\"MGL Export\"},\"image\":{\"@id\":\"https:\/\/mglexport.fr\/#\/schema\/logo\/image\/\"}}]}<\/script>\n<!-- \/ Yoast SEO Premium plugin. -->","yoast_head_json":{"title":"Mentions l\u00e9gales - MGL Export","robots":{"index":"index","follow":"follow","max-snippet":"max-snippet:-1","max-image-preview":"max-image-preview:large","max-video-preview":"max-video-preview:-1"},"canonical":"https:\/\/mglexport.fr\/en\/mentions-legales\/","og_locale":"en_US","og_type":"article","og_title":"Mentions l\u00e9gales","og_url":"https:\/\/mglexport.fr\/en\/mentions-legales\/","og_site_name":"MGL Export","twitter_card":"summary_large_image","twitter_misc":{"Est. reading time":"2 minutes"},"schema":{"@context":"https:\/\/schema.org","@graph":[{"@type":"WebPage","@id":"https:\/\/mglexport.fr\/mentions-legales\/","url":"https:\/\/mglexport.fr\/mentions-legales\/","name":"Mentions l\u00e9gales - MGL Export","isPartOf":{"@id":"https:\/\/mglexport.fr\/#website"},"datePublished":"2023-05-23T08:37:22+00:00","breadcrumb":{"@id":"https:\/\/mglexport.fr\/mentions-legales\/#breadcrumb"},"inLanguage":"en-US","potentialAction":[{"@type":"ReadAction","target":["https:\/\/mglexport.fr\/mentions-legales\/"]}]},{"@type":"BreadcrumbList","@id":"https:\/\/mglexport.fr\/mentions-legales\/#breadcrumb","itemListElement":[{"@type":"ListItem","position":1,"name":"Accueil","item":"https:\/\/mglexport.fr\/"},{"@type":"ListItem","position":2,"name":"Mentions l\u00e9gales"}]},{"@type":"WebSite","@id":"https:\/\/mglexport.fr\/#website","url":"https:\/\/mglexport.fr\/","name":"MGL Export","description":"","publisher":{"@id":"https:\/\/mglexport.fr\/#organization"},"potentialAction":[{"@type":"SearchAction","target":{"@type":"EntryPoint","urlTemplate":"https:\/\/mglexport.fr\/?s={search_term_string}"},"query-input":{"@type":"PropertyValueSpecification","valueRequired":true,"valueName":"search_term_string"}}],"inLanguage":"en-US"},{"@type":"Organization","@id":"https:\/\/mglexport.fr\/#organization","name":"MGL Export","url":"https:\/\/mglexport.fr\/","logo":{"@type":"ImageObject","inLanguage":"en-US","@id":"https:\/\/mglexport.fr\/#\/schema\/logo\/image\/","url":"https:\/\/91.134.190.184\/~mglexport\/wp-content\/uploads\/2023\/05\/MGL_logo_blanc-copie.png","contentUrl":"https:\/\/91.134.190.184\/~mglexport\/wp-content\/uploads\/2023\/05\/MGL_logo_blanc-copie.png","width":154,"height":192,"caption":"MGL Export"},"image":{"@id":"https:\/\/mglexport.fr\/#\/schema\/logo\/image\/"}}]}},"_links":{"self":[{"href":"https:\/\/mglexport.fr\/en\/wp-json\/wp\/v2\/pages\/609","targetHints":{"allow":["GET"]}}],"collection":[{"href":"https:\/\/mglexport.fr\/en\/wp-json\/wp\/v2\/pages"}],"about":[{"href":"https:\/\/mglexport.fr\/en\/wp-json\/wp\/v2\/types\/page"}],"author":[{"embeddable":true,"href":"https:\/\/mglexport.fr\/en\/wp-json\/wp\/v2\/users\/1"}],"replies":[{"embeddable":true,"href":"https:\/\/mglexport.fr\/en\/wp-json\/wp\/v2\/comments?post=609"}],"version-history":[{"count":0,"href":"https:\/\/mglexport.fr\/en\/wp-json\/wp\/v2\/pages\/609\/revisions"}],"wp:attachment":[{"href":"https:\/\/mglexport.fr\/en\/wp-json\/wp\/v2\/media?parent=609"}],"curies":[{"name":"wp","href":"https:\/\/api.w.org\/{rel}","templated":true}]}}