{"id":626,"date":"2023-05-23T14:25:03","date_gmt":"2023-05-23T12:25:03","guid":{"rendered":"https:\/\/mglexport.fr\/?page_id=626"},"modified":"2023-06-20T17:18:31","modified_gmt":"2023-06-20T15:18:31","slug":"politique-de-cookies-ue","status":"publish","type":"page","link":"https:\/\/mglexport.fr\/en\/politique-de-cookies-ue\/","title":{"rendered":"Cookie policy (EU)"},"content":{"rendered":"<div class=\"wpb-content-wrapper\"><div id=\"photoheader\" data-vc-full-width=\"true\" data-vc-full-width-temp=\"true\" data-vc-full-width-init=\"false\" class=\"vc_row wpb_row vc_row-fluid vc_custom_1684844698412 vc_row-has-fill\"><div class=\"wpb_column vc_column_container vc_col-sm-12\"><div class=\"vc_column-inner\"><div class=\"wpb_wrapper\">\n\t<div class=\"wpb_text_column wpb_content_element\" >\n\t\t<div class=\"wpb_wrapper\">\n\t\t\t<h1>Cookie policy (EU)<\/h1>\n\n\t\t<\/div>\n\t<\/div>\n<\/div><\/div><\/div><\/div><div class=\"vc_row-full-width vc_clearfix\"><\/div><div class=\"vc_row wpb_row vc_row-fluid\"><div class=\"wpb_column vc_column_container vc_col-sm-12\"><div class=\"vc_column-inner\"><div class=\"wpb_wrapper\">\n\t<div class=\"wpb_text_column wpb_content_element\" >\n\t\t<div class=\"wpb_wrapper\">\n\t\t\t<p>Cette politique de cookies explique comment MGL utilise des cookies et des technologies similaires lorsque vous visitez notre site web.<\/p>\n<h2>Qu&rsquo;est-ce qu&rsquo;un cookie ?<\/h2>\n<p>Un cookie est un petit fichier texte stock\u00e9 sur votre ordinateur ou votre appareil mobile lorsque vous visitez un site web. Les cookies sont largement utilis\u00e9s par les sites web pour fonctionner efficacement et pour am\u00e9liorer l&rsquo;exp\u00e9rience de l&rsquo;utilisateur.<\/p>\n<h2>Comment utilisons-nous les cookies ?<\/h2>\n<p>MGL utilise des cookies pour diverses raisons, notamment :<\/p>\n<ul>\n<li>Pour assurer le bon fonctionnement de notre site web<\/li>\n<li>Pour personnaliser votre exp\u00e9rience de navigation<\/li>\n<li>Pour analyser l&rsquo;utilisation du site et am\u00e9liorer nos services<\/li>\n<\/ul>\n<h2>Types de cookies utilis\u00e9s<\/h2>\n<p>Nous utilisons les types de cookies suivants :<\/p>\n<ul>\n<li>Cookies essentiels : ces cookies sont n\u00e9cessaires pour vous permettre de naviguer sur notre site web et d&rsquo;utiliser ses fonctionnalit\u00e9s.<\/li>\n<li>Cookies de performance : ces cookies collectent des informations sur la mani\u00e8re dont vous utilisez notre site web, telles que les pages que vous visitez le plus souvent. Ces donn\u00e9es nous aident \u00e0 optimiser notre site et \u00e0 am\u00e9liorer sa convivialit\u00e9.<\/li>\n<li>Cookies de fonctionnalit\u00e9 : ces cookies permettent au site web de m\u00e9moriser les choix que vous faites (tels que votre nom d&rsquo;utilisateur, la langue ou la r\u00e9gion dans laquelle vous vous trouvez) et de fournir des fonctionnalit\u00e9s am\u00e9lior\u00e9es et plus personnelles.<\/li>\n<\/ul>\n<h2>Vos choix concernant les cookies<\/h2>\n<p>Vous pouvez choisir d&rsquo;accepter ou de refuser les cookies. La plupart des navigateurs acceptent automatiquement les cookies, mais vous pouvez modifier les param\u00e8tres de votre navigateur pour refuser les cookies si vous le souhaitez. Veuillez noter que le fait de refuser les cookies peut affecter certaines fonctionnalit\u00e9s de notre site web.<\/p>\n<h2>Consentement<\/h2>\n<p>En utilisant notre site web, vous consentez \u00e0 l&rsquo;utilisation des cookies conform\u00e9ment \u00e0 cette politique.<\/p>\n<h2>Contact us<\/h2>\n<p>Si vous avez des questions concernant notre politique de cookies, vous pouvez nous contacter<\/p>\n\n\t\t<\/div>\n\t<\/div>\n<\/div><\/div><\/div><\/div>\n<\/div>","protected":false},"excerpt":{"rendered":"Politique de cookies (UE) Cette politique de cookies explique comment MGL utilise des cookies et des technologies similaires lorsque vous visitez notre site web. Qu'est-ce qu'un cookie ? Un cookie est un petit fichier texte stock\u00e9 sur votre ordinateur ou votre appareil mobile lorsque vous visitez un site web. Les cookies sont largement utilis\u00e9s par [...]","protected":false},"author":1,"featured_media":0,"parent":0,"menu_order":0,"comment_status":"closed","ping_status":"closed","template":"","meta":{"footnotes":""},"class_list":["post-626","page","type-page","status-publish","hentry"],"yoast_head":"<!-- This site is optimized with the Yoast SEO Premium plugin v25.9 (Yoast SEO v26.5) - https:\/\/yoast.com\/wordpress\/plugins\/seo\/ -->\n<title>Politique de cookies (UE) - MGL Export<\/title>\n<meta name=\"robots\" content=\"index, follow, max-snippet:-1, max-image-preview:large, max-video-preview:-1\" \/>\n<link rel=\"canonical\" href=\"https:\/\/mglexport.fr\/en\/politique-de-cookies-ue\/\" \/>\n<meta property=\"og:locale\" content=\"en_US\" \/>\n<meta property=\"og:type\" content=\"article\" \/>\n<meta property=\"og:title\" content=\"Politique de cookies (UE)\" \/>\n<meta property=\"og:url\" content=\"https:\/\/mglexport.fr\/en\/politique-de-cookies-ue\/\" \/>\n<meta property=\"og:site_name\" content=\"MGL Export\" \/>\n<meta property=\"article:modified_time\" content=\"2023-06-20T15:18:31+00:00\" \/>\n<meta name=\"twitter:card\" content=\"summary_large_image\" \/>\n<meta name=\"twitter:label1\" content=\"Est. reading time\" \/>\n\t<meta name=\"twitter:data1\" content=\"2 minutes\" \/>\n<script type=\"application\/ld+json\" class=\"yoast-schema-graph\">{\"@context\":\"https:\/\/schema.org\",\"@graph\":[{\"@type\":\"WebPage\",\"@id\":\"https:\/\/mglexport.fr\/politique-de-cookies-ue\/\",\"url\":\"https:\/\/mglexport.fr\/politique-de-cookies-ue\/\",\"name\":\"Politique de cookies (UE) - MGL Export\",\"isPartOf\":{\"@id\":\"https:\/\/mglexport.fr\/#website\"},\"datePublished\":\"2023-05-23T12:25:03+00:00\",\"dateModified\":\"2023-06-20T15:18:31+00:00\",\"breadcrumb\":{\"@id\":\"https:\/\/mglexport.fr\/politique-de-cookies-ue\/#breadcrumb\"},\"inLanguage\":\"en-US\",\"potentialAction\":[{\"@type\":\"ReadAction\",\"target\":[\"https:\/\/mglexport.fr\/politique-de-cookies-ue\/\"]}]},{\"@type\":\"BreadcrumbList\",\"@id\":\"https:\/\/mglexport.fr\/politique-de-cookies-ue\/#breadcrumb\",\"itemListElement\":[{\"@type\":\"ListItem\",\"position\":1,\"name\":\"Accueil\",\"item\":\"https:\/\/mglexport.fr\/\"},{\"@type\":\"ListItem\",\"position\":2,\"name\":\"Politique de cookies (UE)\"}]},{\"@type\":\"WebSite\",\"@id\":\"https:\/\/mglexport.fr\/#website\",\"url\":\"https:\/\/mglexport.fr\/\",\"name\":\"MGL Export\",\"description\":\"\",\"publisher\":{\"@id\":\"https:\/\/mglexport.fr\/#organization\"},\"potentialAction\":[{\"@type\":\"SearchAction\",\"target\":{\"@type\":\"EntryPoint\",\"urlTemplate\":\"https:\/\/mglexport.fr\/?s={search_term_string}\"},\"query-input\":{\"@type\":\"PropertyValueSpecification\",\"valueRequired\":true,\"valueName\":\"search_term_string\"}}],\"inLanguage\":\"en-US\"},{\"@type\":\"Organization\",\"@id\":\"https:\/\/mglexport.fr\/#organization\",\"name\":\"MGL Export\",\"url\":\"https:\/\/mglexport.fr\/\",\"logo\":{\"@type\":\"ImageObject\",\"inLanguage\":\"en-US\",\"@id\":\"https:\/\/mglexport.fr\/#\/schema\/logo\/image\/\",\"url\":\"https:\/\/91.134.190.184\/~mglexport\/wp-content\/uploads\/2023\/05\/MGL_logo_blanc-copie.png\",\"contentUrl\":\"https:\/\/91.134.190.184\/~mglexport\/wp-content\/uploads\/2023\/05\/MGL_logo_blanc-copie.png\",\"width\":154,\"height\":192,\"caption\":\"MGL Export\"},\"image\":{\"@id\":\"https:\/\/mglexport.fr\/#\/schema\/logo\/image\/\"}}]}<\/script>\n<!-- \/ Yoast SEO Premium plugin. -->","yoast_head_json":{"title":"Politique de cookies (UE) - MGL Export","robots":{"index":"index","follow":"follow","max-snippet":"max-snippet:-1","max-image-preview":"max-image-preview:large","max-video-preview":"max-video-preview:-1"},"canonical":"https:\/\/mglexport.fr\/en\/politique-de-cookies-ue\/","og_locale":"en_US","og_type":"article","og_title":"Politique de cookies (UE)","og_url":"https:\/\/mglexport.fr\/en\/politique-de-cookies-ue\/","og_site_name":"MGL Export","article_modified_time":"2023-06-20T15:18:31+00:00","twitter_card":"summary_large_image","twitter_misc":{"Est. reading time":"2 minutes"},"schema":{"@context":"https:\/\/schema.org","@graph":[{"@type":"WebPage","@id":"https:\/\/mglexport.fr\/politique-de-cookies-ue\/","url":"https:\/\/mglexport.fr\/politique-de-cookies-ue\/","name":"Politique de cookies (UE) - MGL Export","isPartOf":{"@id":"https:\/\/mglexport.fr\/#website"},"datePublished":"2023-05-23T12:25:03+00:00","dateModified":"2023-06-20T15:18:31+00:00","breadcrumb":{"@id":"https:\/\/mglexport.fr\/politique-de-cookies-ue\/#breadcrumb"},"inLanguage":"en-US","potentialAction":[{"@type":"ReadAction","target":["https:\/\/mglexport.fr\/politique-de-cookies-ue\/"]}]},{"@type":"BreadcrumbList","@id":"https:\/\/mglexport.fr\/politique-de-cookies-ue\/#breadcrumb","itemListElement":[{"@type":"ListItem","position":1,"name":"Accueil","item":"https:\/\/mglexport.fr\/"},{"@type":"ListItem","position":2,"name":"Politique de cookies (UE)"}]},{"@type":"WebSite","@id":"https:\/\/mglexport.fr\/#website","url":"https:\/\/mglexport.fr\/","name":"MGL Export","description":"","publisher":{"@id":"https:\/\/mglexport.fr\/#organization"},"potentialAction":[{"@type":"SearchAction","target":{"@type":"EntryPoint","urlTemplate":"https:\/\/mglexport.fr\/?s={search_term_string}"},"query-input":{"@type":"PropertyValueSpecification","valueRequired":true,"valueName":"search_term_string"}}],"inLanguage":"en-US"},{"@type":"Organization","@id":"https:\/\/mglexport.fr\/#organization","name":"MGL Export","url":"https:\/\/mglexport.fr\/","logo":{"@type":"ImageObject","inLanguage":"en-US","@id":"https:\/\/mglexport.fr\/#\/schema\/logo\/image\/","url":"https:\/\/91.134.190.184\/~mglexport\/wp-content\/uploads\/2023\/05\/MGL_logo_blanc-copie.png","contentUrl":"https:\/\/91.134.190.184\/~mglexport\/wp-content\/uploads\/2023\/05\/MGL_logo_blanc-copie.png","width":154,"height":192,"caption":"MGL Export"},"image":{"@id":"https:\/\/mglexport.fr\/#\/schema\/logo\/image\/"}}]}},"_links":{"self":[{"href":"https:\/\/mglexport.fr\/en\/wp-json\/wp\/v2\/pages\/626","targetHints":{"allow":["GET"]}}],"collection":[{"href":"https:\/\/mglexport.fr\/en\/wp-json\/wp\/v2\/pages"}],"about":[{"href":"https:\/\/mglexport.fr\/en\/wp-json\/wp\/v2\/types\/page"}],"author":[{"embeddable":true,"href":"https:\/\/mglexport.fr\/en\/wp-json\/wp\/v2\/users\/1"}],"replies":[{"embeddable":true,"href":"https:\/\/mglexport.fr\/en\/wp-json\/wp\/v2\/comments?post=626"}],"version-history":[{"count":0,"href":"https:\/\/mglexport.fr\/en\/wp-json\/wp\/v2\/pages\/626\/revisions"}],"wp:attachment":[{"href":"https:\/\/mglexport.fr\/en\/wp-json\/wp\/v2\/media?parent=626"}],"curies":[{"name":"wp","href":"https:\/\/api.w.org\/{rel}","templated":true}]}}